{"id":742,"date":"2012-06-12T16:06:13","date_gmt":"2012-06-12T15:06:13","guid":{"rendered":"https:\/\/jakobyrechtsanwaelte.de\/?page_id=742"},"modified":"2024-01-09T17:31:14","modified_gmt":"2024-01-09T16:31:14","slug":"contact","status":"publish","type":"page","link":"https:\/\/jakobyrechtsanwaelte.de\/en\/our-office\/contact\/","title":{"rendered":"Contact"},"content":{"rendered":"<h3>Our contact details:<\/h3>\n<p>Jakoby Rechtsanw\u00e4lte<br \/>\nLawyers and Notary<\/p>\n<p>Schl\u00fcterstra\u00dfe 37<br \/>\n10629 Berlin<\/p>\n<p>Tel: +49 (0)30. 88 03 20 \u2013 0<br \/>\nFax: +49 (0)30. 88 03 20 \u2013 10<\/p>\n<p><script>document.write(str_rot13('<n uers=\"znvygb:vasb@wnxbolerpugfnajnrygr.qr\">vasb@wnxbolerpugfnajnrygr.qr<\/n>'));<\/script><noscript>info AT jakobyrechtsanwaelte DOT de<\/noscript><br \/>\n<a href=\"https:\/\/jakobyrechtsanwaelte.de\/\">www.jakobyrechtsanwaelte.de<\/a><\/p>\n<h2>You can reach us here:<\/h2>\n<p>&nbsp; <\/p>\n<figure id=\"attachment_4063\" aria-describedby=\"caption-attachment-4063\" style=\"width: 1266px\" class=\"wp-caption alignnone\"><a href=\"https:\/\/www.google.de\/maps\/place\/Jakoby+Rechtsanw%C3%A4lte\/@52.5205504,13.336576,12z\/data=!3m1!5s0x47a850e4f838cf7b:0x3a6c2a4c61b573ee!4m6!3m5!1s0x47a850e4f99f20db:0x88c24a191c7e40e2!8m2!3d52.502196!4d13.3166338!16s%2Fg%2F1w6r799m?entry=ttu\" target=\"_blank\" rel=\"noopener\"><img loading=\"lazy\" decoding=\"async\" class=\"wp-image-4063 size-full\" src=\"https:\/\/jakobyrechtsanwaelte.de\/wp-content\/uploads\/2024\/01\/karte-1.jpg\" alt=\"karte\" width=\"1266\" height=\"741\" srcset=\"https:\/\/jakobyrechtsanwaelte.de\/wp-content\/uploads\/2024\/01\/karte-1.jpg 1266w, https:\/\/jakobyrechtsanwaelte.de\/wp-content\/uploads\/2024\/01\/karte-1-273x160.jpg 273w, https:\/\/jakobyrechtsanwaelte.de\/wp-content\/uploads\/2024\/01\/karte-1-560x328.jpg 560w, https:\/\/jakobyrechtsanwaelte.de\/wp-content\/uploads\/2024\/01\/karte-1-768x450.jpg 768w, https:\/\/jakobyrechtsanwaelte.de\/wp-content\/uploads\/2024\/01\/karte-1-250x146.jpg 250w\" sizes=\"auto, (max-width: 1266px) 100vw, 1266px\" \/><\/a><figcaption id=\"caption-attachment-4063\" class=\"wp-caption-text\"><a href=\"https:\/\/www.openstreetmap.org\/copyright\" target=\"_blank\" rel=\"noopener\">\u00a9 OpenStreetMap Mitwirkende<\/a><\/figcaption><\/figure>\n<p>&nbsp; <\/p>\n<p>Our office is central in Schl\u00fcterstra\u00dfe 37 between Kurf\u00fcrstendamm and Mommsenstra\u00dfe in Berlin-Charlottenburg.<\/p>\n<h2>Directions<\/h2>\n<p><strong>By car<br \/>\n<\/strong><\/p>\n<p>You may check your route for example <a title=\"Google Maps Route berechnen\" href=\"https:\/\/maps.google.de\/maps?f=d&amp;saddr=&amp;daddr=Schl%C3%BCterstr.+37,+10629+Berlin&amp;hl=de&amp;geocode=&amp;mra=ls&amp;sll=52.502012,13.327618&amp;sspn=0.039082,0.077248&amp;ie=UTF8&amp;ll=52.500261,13.316503&amp;spn=0.039083,0.077248&amp;z=14\" target=\"_blank\" rel=\"noopener noreferrer\">hier<\/a>.<\/p>\n<p>If you come by car you may use our parking space. Please give us a short notice in advance.<\/p>\n<p><strong>By public transport<\/strong><\/p>\n<p><strong>S-Bahn:<\/strong><br \/>\nS3, S5, S7, S75: stop Savignyplatz<\/p>\n<p><strong>Underground\/Bus:<\/strong><br \/>\nU1: Stop Uhlandstra\u00dfe, then bus nr. M19, M29, M109 und M110: Stop Bleibtreustra\u00dfe<\/p>\n<p>U7: Stop Adenauerplatz, then bus nr. M19, M29, M109 und X10: Stop Olivaer Platz<\/p>\n","protected":false},"excerpt":{"rendered":"<p>Our contact details: Jakoby Rechtsanw\u00e4lte Lawyers and Notary Schl\u00fcterstra\u00dfe 37 10629 Berlin Tel: +49 (0)30. 88 03 20 \u2013 0 Fax: +49 (0)30. 88 03 20 \u2013 10 info AT jakobyrechtsanwaelte DOT de www.jakobyrechtsanwaelte.de You can reach us here: &nbsp; [&hellip;]<\/p>\n","protected":false},"author":5,"featured_media":3652,"parent":659,"menu_order":95,"comment_status":"closed","ping_status":"closed","template":"template-kanzlei.php","meta":{"footnotes":""},"class_list":["post-742","page","type-page","status-publish","has-post-thumbnail","hentry"],"yoast_head":"<!-- This site is optimized with the Yoast SEO plugin v27.3 - https:\/\/yoast.com\/product\/yoast-seo-wordpress\/ -->\n<title>Contact - Jakoby Rechtsanw\u00e4lte - Berlin<\/title>\n<meta name=\"description\" content=\"Die Kanzlei Jakoby Rechtsanw\u00e4lte in Berlin: Notar und Rechtsanwaltsleistungen im Immobilienrecht, Vergaberecht und Wirtschaftsrecht.\" \/>\n<meta name=\"robots\" content=\"index, follow, max-snippet:-1, max-image-preview:large, max-video-preview:-1\" \/>\n<link rel=\"canonical\" href=\"https:\/\/jakobyrechtsanwaelte.de\/en\/our-office\/contact\/\" \/>\n<meta name=\"twitter:label1\" content=\"Est. reading time\" \/>\n\t<meta name=\"twitter:data1\" content=\"1 minute\" \/>\n<!-- \/ Yoast SEO plugin. -->","yoast_head_json":{"title":"Contact - Jakoby Rechtsanw\u00e4lte - Berlin","description":"Die Kanzlei Jakoby Rechtsanw\u00e4lte in Berlin: Notar und Rechtsanwaltsleistungen im Immobilienrecht, Vergaberecht und Wirtschaftsrecht.","robots":{"index":"index","follow":"follow","max-snippet":"max-snippet:-1","max-image-preview":"max-image-preview:large","max-video-preview":"max-video-preview:-1"},"canonical":"https:\/\/jakobyrechtsanwaelte.de\/en\/our-office\/contact\/","twitter_misc":{"Est. reading time":"1 minute"},"schema":{"@context":"https:\/\/schema.org","@graph":[{"@type":"WebPage","@id":"https:\/\/jakobyrechtsanwaelte.de\/en\/our-office\/contact\/","url":"https:\/\/jakobyrechtsanwaelte.de\/en\/our-office\/contact\/","name":"Contact - Jakoby Rechtsanw\u00e4lte - Berlin","isPartOf":{"@id":"https:\/\/jakobyrechtsanwaelte.de\/#website"},"primaryImageOfPage":{"@id":"https:\/\/jakobyrechtsanwaelte.de\/en\/our-office\/contact\/#primaryimage"},"image":{"@id":"https:\/\/jakobyrechtsanwaelte.de\/en\/our-office\/contact\/#primaryimage"},"thumbnailUrl":"https:\/\/jakobyrechtsanwaelte.de\/wp-content\/uploads\/2019\/07\/Jakobyrechtsanwaelte-Berlin-Empfang.jpg","datePublished":"2012-06-12T15:06:13+00:00","dateModified":"2024-01-09T16:31:14+00:00","description":"Die Kanzlei Jakoby Rechtsanw\u00e4lte in Berlin: Notar und Rechtsanwaltsleistungen im Immobilienrecht, Vergaberecht und Wirtschaftsrecht.","breadcrumb":{"@id":"https:\/\/jakobyrechtsanwaelte.de\/en\/our-office\/contact\/#breadcrumb"},"inLanguage":"en-US","potentialAction":[{"@type":"ReadAction","target":["https:\/\/jakobyrechtsanwaelte.de\/en\/our-office\/contact\/"]}]},{"@type":"ImageObject","inLanguage":"en-US","@id":"https:\/\/jakobyrechtsanwaelte.de\/en\/our-office\/contact\/#primaryimage","url":"https:\/\/jakobyrechtsanwaelte.de\/wp-content\/uploads\/2019\/07\/Jakobyrechtsanwaelte-Berlin-Empfang.jpg","contentUrl":"https:\/\/jakobyrechtsanwaelte.de\/wp-content\/uploads\/2019\/07\/Jakobyrechtsanwaelte-Berlin-Empfang.jpg","width":1200,"height":400},{"@type":"BreadcrumbList","@id":"https:\/\/jakobyrechtsanwaelte.de\/en\/our-office\/contact\/#breadcrumb","itemListElement":[{"@type":"ListItem","position":1,"name":"Home","item":"https:\/\/jakobyrechtsanwaelte.de\/en\/"},{"@type":"ListItem","position":2,"name":"Our Office","item":"https:\/\/jakobyrechtsanwaelte.de\/en\/our-office\/"},{"@type":"ListItem","position":3,"name":"Contact"}]},{"@type":"WebSite","@id":"https:\/\/jakobyrechtsanwaelte.de\/#website","url":"https:\/\/jakobyrechtsanwaelte.de\/","name":"Jakoby Rechtsanw\u00e4lte","description":"Rechtsanw\u00e4lte und Notar","potentialAction":[{"@type":"SearchAction","target":{"@type":"EntryPoint","urlTemplate":"https:\/\/jakobyrechtsanwaelte.de\/?s={search_term_string}"},"query-input":{"@type":"PropertyValueSpecification","valueRequired":true,"valueName":"search_term_string"}}],"inLanguage":"en-US"}]}},"_links":{"self":[{"href":"https:\/\/jakobyrechtsanwaelte.de\/en\/wp-json\/wp\/v2\/pages\/742","targetHints":{"allow":["GET"]}}],"collection":[{"href":"https:\/\/jakobyrechtsanwaelte.de\/en\/wp-json\/wp\/v2\/pages"}],"about":[{"href":"https:\/\/jakobyrechtsanwaelte.de\/en\/wp-json\/wp\/v2\/types\/page"}],"author":[{"embeddable":true,"href":"https:\/\/jakobyrechtsanwaelte.de\/en\/wp-json\/wp\/v2\/users\/5"}],"replies":[{"embeddable":true,"href":"https:\/\/jakobyrechtsanwaelte.de\/en\/wp-json\/wp\/v2\/comments?post=742"}],"version-history":[{"count":31,"href":"https:\/\/jakobyrechtsanwaelte.de\/en\/wp-json\/wp\/v2\/pages\/742\/revisions"}],"predecessor-version":[{"id":4086,"href":"https:\/\/jakobyrechtsanwaelte.de\/en\/wp-json\/wp\/v2\/pages\/742\/revisions\/4086"}],"up":[{"embeddable":true,"href":"https:\/\/jakobyrechtsanwaelte.de\/en\/wp-json\/wp\/v2\/pages\/659"}],"wp:featuredmedia":[{"embeddable":true,"href":"https:\/\/jakobyrechtsanwaelte.de\/en\/wp-json\/wp\/v2\/media\/3652"}],"wp:attachment":[{"href":"https:\/\/jakobyrechtsanwaelte.de\/en\/wp-json\/wp\/v2\/media?parent=742"}],"curies":[{"name":"wp","href":"https:\/\/api.w.org\/{rel}","templated":true}]}}