{"id":744,"date":"2012-06-12T16:08:16","date_gmt":"2012-06-12T15:08:16","guid":{"rendered":"https:\/\/jakobyrechtsanwaelte.de\/?page_id=744"},"modified":"2025-05-09T13:31:09","modified_gmt":"2025-05-09T12:31:09","slug":"imprint","status":"publish","type":"page","link":"https:\/\/jakobyrechtsanwaelte.de\/en\/our-office\/imprint\/","title":{"rendered":"Imprint"},"content":{"rendered":"<h3>Responsible for this web page<\/h3>\n<p>Jakoby Rechtsanw\u00e4lte GbR<br \/>\nLawyers and Notary<\/p>\n<p>Schl\u00fcterstra\u00dfe 37<br \/>\n10629 Berlin<\/p>\n<p><strong>Represented by<\/strong><\/p>\n<p>Dr. Markus Jakoby<br \/>\nDr. Lotte Meuth<\/p>\n<p>Tel: +49 (0)30. 88 03 20 \u2013 0<br \/>\nFax: +49 (0)30. 88 03 20 \u2013 10<\/p>\n<p><script>document.write(str_rot13('<n uers=\"znvygb:vasb@wnxbolerpugfnajnrygr.qr\">vasb@wnxbolerpugfnajnrygr.qr<\/n>'));<\/script><noscript>info AT jakobyrechtsanwaelte DOT de<\/noscript><br \/>\n<a href=\"https:\/\/jakobyrechtsanwaelte.de\/en\/\">www.jakobyrechtsanwaelte.de<\/a><\/p>\n<p><strong>Lawyers<\/strong><\/p>\n<p>All persons mentioned in the section \u201clawyers\u201d are lawyers admitted to practise within the Federal Republic of Germany.<\/p>\n<p>The lawyers are members of the Berlin bar association (<a href=\"http:\/\/www.rak-berlin.de\" target=\"_blank\" rel=\"noopener noreferrer\">Rechtsanwaltskammer Berlin<\/a>), Littenstra\u00dfe 9, 10179 Berlin. Their practice is subject amongst others to the following codes of practice:<\/p>\n<ul>\n<li>the Bundesrechtsanwaltsordnung, (BRAO),<\/li>\n<li>the Berufsordnung f\u00fcr Rechtsanw\u00e4lte (BORA),<\/li>\n<li>the Fachanwaltsordnung (FAO),<\/li>\n<li>the Rechtsanwaltsverg\u00fctungsgesetz (RVG),<\/li>\n<li>the Professional Rules of the Federal Lawyers\u2019 Chamber the statute to prevent money laundering (Geldw\u00e4schebek\u00e4mpfungsgesetz, GwG) including the directive of the Federal Chamber of Lawyers pursuant to \u00a7 14 section 4 GwG<\/li>\n<li>law regulating the activity of European Lawyers in Germany (EuRAG) and the<\/li>\n<li>Codes of practice of the European Union.<\/li>\n<\/ul>\n<p>The aforementioned codes and rules are available on <a href=\"http:\/\/www.brak.de\" target=\"_blank\" rel=\"noopener noreferrer\">www.brak.de<\/a> in the section \u201cBerufsrecht\u201d.<\/p>\n<p>Sales tax identification number pursuant to \u00a7 27a Umsatzsteuergesetz: DE 193266543<\/p>\n<p><strong>Notary<\/strong><\/p>\n<p>Dr. Markus Jakoby and Dr. Lotte Herwig are also acting as notaries. They are members of the Berlin Notary Bar (<a href=\"http:\/\/www.berliner-notarkammer.de\" target=\"_blank\" rel=\"noopener noreferrer\">Notarkammer Berlin<\/a>), Littenstra\u00dfe 10, 10179 Berlin.<\/p>\n<p>The competent supervisory authorities are<\/p>\n<ul>\n<li>Pr\u00e4sident\/in des Kammergerichts<\/li>\n<li>Pr\u00e4sident\/in des Landgerichts Berlin II<\/li>\n<li>Senatsverwaltung f\u00fcr Justiz und Verbraucherschutz<\/li>\n<\/ul>\n<p>The code of practice applying to notaries is, amongst others:<\/p>\n<ul>\n<li>die Bundesnotarordnung,<\/li>\n<li>das Beurkundungsgesetz,<\/li>\n<li>die Dienstordnung f\u00fcr Notarinnen und Notare,<\/li>\n<li>das Gerichts- und Notarkostengesetz (GNotKG), die Richtlinien der zust\u00e4ndigen Notarkammer<\/li>\n<li>die Verordnung \u00fcber die F\u00fchrung notarieller Akten und Verzeichnisse (NotAktVV) und<\/li>\n<li>der Europ\u00e4ische Kodex des notariellen Standesrechts.<\/li>\n<\/ul>\n<p>The aforementioned codes are available on <a href=\"http:\/\/www.bnotk.de\" target=\"_blank\" rel=\"noopener noreferrer\">www.bnotk.de<\/a> in the section \u201cBerufsrecht\u201d.<\/p>\n<p>Umsatzsteuer-Identifikationsnummer gem\u00e4\u00df \u00a7 27a Umsatzsteuergesetz: DE 193266543<\/p>\n<p><strong>Copyright<\/strong><\/p>\n<p>The copyright to the content of this web page or any part hereof is owned by Jakoby Rechtsanw\u00e4lte or whoever has given Jakoby Rechtsanw\u00e4lte a license.<\/p>\n<p>Individual pages of the web page may only be downloaded for internal use within your company, the same applies to temporary storage of any parts of this web page and printing of parts thereof.<\/p>\n<p>Reproduction, transmission or distribution of any part of the content of this web page whether through download, saving or printing is permitted only with the explicit prior approval of Jakoby Rechtsanw\u00e4lte.<\/p>\n<p><strong>Liability<\/strong><\/p>\n<p>We have endeavoured to ensure the accuracy of the information and links on this web page. We do not assume any liability which might arise from using the content of this web page or the links it contains, or which may result from relying on the accuracy of the content hereof. The information contained on this web page does not constitute legal advice.<\/p>\n<h2>Realisation<\/h2>\n<p><strong>Design and Development<\/strong><\/p>\n<p><a title=\"Claudius Herwig - Digitale Gestaltung\" href=\"http:\/\/claudiusherwig.de\" target=\"_blank\" rel=\"noopener noreferrer\">Claudius Herwig &#8211; Digital Design<\/a><\/p>\n<p class=\"timestamp\"><strong>Photography<\/strong><\/p>\n<p><a href=\"http:\/\/photographyberlin.de\/\" target=\"_blank\" rel=\"noopener noreferrer\">Jule Roehr<\/a><br \/>\n<a href=\"http:\/\/www.janastritzke.de\">Jana Stritzke<\/a><br \/>\n<a href=\"http:\/\/www.claudiusherwig.de\">Claudius Herwig<\/a><br \/>\nfotolia.com\/davis<br \/>\nfotolia.com\/panoramo<br \/>\nfotolia.com\/Tiberius Gracchus<br \/>\nfotolia.com\/ah_fotobox<br \/>\nfotolia.com\/cpauschert<br \/>\nfotolia.com\/ArTo<br \/>\nfotolia.com\/Sushi King<br \/>\nfotolia.com\/the_builder<br \/>\nfotolia.com\/Rawpixel.com<br \/>\nistockphoto.com\/Kamil Krawczyk<br \/>\nfotolia.com\/Ivelin Radkov<br \/>\nfotolia.com\/Sergii Figurnyi<br \/>\nfotolia.com\/Herb<br \/>\nfotolia.com\/vom<br \/>\nfotolia.com\/conejota<br \/>\nfotolia.com\/Christian Hillebrand<br \/>\nfotolia.com\/styleuneed<br \/>\nSven Wozniak\/Dr. Hillert Ibbeken<br \/>\nfotolia.com\/estima<br \/>\niStockphoto.com\/Illustrious<br \/>\nfotolia.com\/Marc Dietrich<br \/>\nfotolia.com\/Jonny McCullagh<br \/>\nlegalink.ch<\/p>\n<p>All paintings on this website are from our office.<\/p>\n","protected":false},"excerpt":{"rendered":"<p>Responsible for this web page Jakoby Rechtsanw\u00e4lte GbR Lawyers and Notary Schl\u00fcterstra\u00dfe 37 10629 Berlin Represented by Dr. Markus Jakoby Dr. Lotte Meuth Tel: +49 (0)30. 88 03 20 \u2013 0 Fax: +49 (0)30. 88 03 20 \u2013 10 info [&hellip;]<\/p>\n","protected":false},"author":5,"featured_media":3652,"parent":659,"menu_order":105,"comment_status":"closed","ping_status":"closed","template":"template-kanzlei.php","meta":{"footnotes":""},"class_list":["post-744","page","type-page","status-publish","has-post-thumbnail","hentry"],"yoast_head":"<!-- This site is optimized with the Yoast SEO plugin v27.3 - https:\/\/yoast.com\/product\/yoast-seo-wordpress\/ -->\n<title>Imprint - Jakoby Rechtsanw\u00e4lte - Berlin<\/title>\n<meta name=\"description\" content=\"Die Kanzlei Jakoby Rechtsanw\u00e4lte in Berlin: Notar und Rechtsanwaltsleistungen im Immobilienrecht, Vergaberecht und Wirtschaftsrecht.\" \/>\n<meta name=\"robots\" content=\"index, follow, max-snippet:-1, max-image-preview:large, max-video-preview:-1\" \/>\n<link rel=\"canonical\" href=\"https:\/\/jakobyrechtsanwaelte.de\/en\/our-office\/imprint\/\" \/>\n<meta name=\"twitter:label1\" content=\"Est. reading time\" \/>\n\t<meta name=\"twitter:data1\" content=\"3 minutes\" \/>\n<!-- \/ Yoast SEO plugin. -->","yoast_head_json":{"title":"Imprint - Jakoby Rechtsanw\u00e4lte - Berlin","description":"Die Kanzlei Jakoby Rechtsanw\u00e4lte in Berlin: Notar und Rechtsanwaltsleistungen im Immobilienrecht, Vergaberecht und Wirtschaftsrecht.","robots":{"index":"index","follow":"follow","max-snippet":"max-snippet:-1","max-image-preview":"max-image-preview:large","max-video-preview":"max-video-preview:-1"},"canonical":"https:\/\/jakobyrechtsanwaelte.de\/en\/our-office\/imprint\/","twitter_misc":{"Est. reading time":"3 minutes"},"schema":{"@context":"https:\/\/schema.org","@graph":[{"@type":"WebPage","@id":"https:\/\/jakobyrechtsanwaelte.de\/en\/our-office\/imprint\/","url":"https:\/\/jakobyrechtsanwaelte.de\/en\/our-office\/imprint\/","name":"Imprint - Jakoby Rechtsanw\u00e4lte - Berlin","isPartOf":{"@id":"https:\/\/jakobyrechtsanwaelte.de\/#website"},"primaryImageOfPage":{"@id":"https:\/\/jakobyrechtsanwaelte.de\/en\/our-office\/imprint\/#primaryimage"},"image":{"@id":"https:\/\/jakobyrechtsanwaelte.de\/en\/our-office\/imprint\/#primaryimage"},"thumbnailUrl":"https:\/\/jakobyrechtsanwaelte.de\/wp-content\/uploads\/2019\/07\/Jakobyrechtsanwaelte-Berlin-Empfang.jpg","datePublished":"2012-06-12T15:08:16+00:00","dateModified":"2025-05-09T12:31:09+00:00","description":"Die Kanzlei Jakoby Rechtsanw\u00e4lte in Berlin: Notar und Rechtsanwaltsleistungen im Immobilienrecht, Vergaberecht und Wirtschaftsrecht.","breadcrumb":{"@id":"https:\/\/jakobyrechtsanwaelte.de\/en\/our-office\/imprint\/#breadcrumb"},"inLanguage":"en-US","potentialAction":[{"@type":"ReadAction","target":["https:\/\/jakobyrechtsanwaelte.de\/en\/our-office\/imprint\/"]}]},{"@type":"ImageObject","inLanguage":"en-US","@id":"https:\/\/jakobyrechtsanwaelte.de\/en\/our-office\/imprint\/#primaryimage","url":"https:\/\/jakobyrechtsanwaelte.de\/wp-content\/uploads\/2019\/07\/Jakobyrechtsanwaelte-Berlin-Empfang.jpg","contentUrl":"https:\/\/jakobyrechtsanwaelte.de\/wp-content\/uploads\/2019\/07\/Jakobyrechtsanwaelte-Berlin-Empfang.jpg","width":1200,"height":400},{"@type":"BreadcrumbList","@id":"https:\/\/jakobyrechtsanwaelte.de\/en\/our-office\/imprint\/#breadcrumb","itemListElement":[{"@type":"ListItem","position":1,"name":"Home","item":"https:\/\/jakobyrechtsanwaelte.de\/en\/"},{"@type":"ListItem","position":2,"name":"Our Office","item":"https:\/\/jakobyrechtsanwaelte.de\/en\/our-office\/"},{"@type":"ListItem","position":3,"name":"Imprint"}]},{"@type":"WebSite","@id":"https:\/\/jakobyrechtsanwaelte.de\/#website","url":"https:\/\/jakobyrechtsanwaelte.de\/","name":"Jakoby Rechtsanw\u00e4lte","description":"Rechtsanw\u00e4lte und Notar","potentialAction":[{"@type":"SearchAction","target":{"@type":"EntryPoint","urlTemplate":"https:\/\/jakobyrechtsanwaelte.de\/?s={search_term_string}"},"query-input":{"@type":"PropertyValueSpecification","valueRequired":true,"valueName":"search_term_string"}}],"inLanguage":"en-US"}]}},"_links":{"self":[{"href":"https:\/\/jakobyrechtsanwaelte.de\/en\/wp-json\/wp\/v2\/pages\/744","targetHints":{"allow":["GET"]}}],"collection":[{"href":"https:\/\/jakobyrechtsanwaelte.de\/en\/wp-json\/wp\/v2\/pages"}],"about":[{"href":"https:\/\/jakobyrechtsanwaelte.de\/en\/wp-json\/wp\/v2\/types\/page"}],"author":[{"embeddable":true,"href":"https:\/\/jakobyrechtsanwaelte.de\/en\/wp-json\/wp\/v2\/users\/5"}],"replies":[{"embeddable":true,"href":"https:\/\/jakobyrechtsanwaelte.de\/en\/wp-json\/wp\/v2\/comments?post=744"}],"version-history":[{"count":7,"href":"https:\/\/jakobyrechtsanwaelte.de\/en\/wp-json\/wp\/v2\/pages\/744\/revisions"}],"predecessor-version":[{"id":4206,"href":"https:\/\/jakobyrechtsanwaelte.de\/en\/wp-json\/wp\/v2\/pages\/744\/revisions\/4206"}],"up":[{"embeddable":true,"href":"https:\/\/jakobyrechtsanwaelte.de\/en\/wp-json\/wp\/v2\/pages\/659"}],"wp:featuredmedia":[{"embeddable":true,"href":"https:\/\/jakobyrechtsanwaelte.de\/en\/wp-json\/wp\/v2\/media\/3652"}],"wp:attachment":[{"href":"https:\/\/jakobyrechtsanwaelte.de\/en\/wp-json\/wp\/v2\/media?parent=744"}],"curies":[{"name":"wp","href":"https:\/\/api.w.org\/{rel}","templated":true}]}}